{"id":2,"date":"2018-04-11T11:15:44","date_gmt":"2018-04-11T09:15:44","guid":{"rendered":"http:\/\/www.hausverwalter.bplaced.net\/?page_id=2"},"modified":"2025-09-08T17:57:51","modified_gmt":"2025-09-08T15:57:51","slug":"beispiel-seite","status":"publish","type":"page","link":"http:\/\/www.hausverwalter.bplaced.net\/","title":{"rendered":"Home"},"content":{"rendered":"\n<p class=\"has-text-align-left\"><span style=\"font-family: arial, helvetica, sans-serif; font-size: 12pt;\">Ich freue mich, dass Sie mich auf meiner Homepage besuchen und lade Sie herzlich zu einem kleinen Rundgang ein, um sich \u00fcber mich zu informieren.&nbsp;<span class=\"auto-style9\">Ich bin ein <\/span> <span class=\"auto-style11\">Mehrfamilienwohnhaus<\/span><span class=\"auto-style9\"> in Hannover-Vahrenwald, Dessauerstrasse 9 und wurde 1955 erbaut.<\/span><\/span><\/p>\n\n\n\n<p class=\"has-text-align-left\"><span style=\"font-family: arial, helvetica, sans-serif; font-size: 12pt;\">Um mich topfit und f\u00fcr meine Mieter gut in Schuss zu halten, wurden im Laufe der Jahre zus\u00e4tzlich zu einzelnen Umbauarbeiten in meinen Wohnungen die folgenden Renovierungs- und Modernisierungsmassnahmen durchgef\u00fchrt:<\/span><\/p>\n\n\n\n<figure class=\"wp-block-table is-style-stripes\"><table><tbody><tr><td>Juni 2025<\/td><td>Sanierung der Balkone<\/td><\/tr><tr><td>Januar 2024<\/td><td>Glasfaser-Hausanschluss durch Telekom installiert<\/td><\/tr><tr><td>Oktober 2022<\/td><td>Kellerbeleuchtung neu installiert<\/td><\/tr><tr><td>Juni 2021<\/td><td>Gebrauchsf\u00e4higkeitspr\u00fcfung der Gasleitungen durchgef\u00fchrt<\/td><\/tr><tr><td>Februar 2021<\/td><td>e-Check in allen Wohnungen durchgef\u00fchrt<\/td><\/tr><tr><td>Dezember 2020<\/td><td>Rauchwarnmelder ausgetauscht<\/td><\/tr><tr><td>M\u00e4rz 2016<\/td><td>Neugestaltung Vorgarten Eingang D\u00f6rnbergstrasse<\/td><\/tr><tr><td>August 2014<\/td><td>Installation Rauchwarnmelder<\/td><\/tr><tr><td>M\u00e4rz 2013<\/td><td>innenliegende Kellerw\u00e4nde saniert<\/td><\/tr><tr><td>Oktober 2009<\/td><td>Kabelfernsehanlage modernisiert (Sternverteilung)<\/td><\/tr><tr><td>August 2009<\/td><td>Gebrauchsf\u00e4higkeitspr\u00fcfung der Gasleitungen durchgef\u00fchrt<\/td><\/tr><tr><td>Juli 2009<\/td><td>Renovierung der Treppenh\u00e4user abgeschlossen<\/td><\/tr><\/tbody><\/table><figcaption class=\"wp-element-caption\"><a href=\"http:\/\/www.hausverwalter.bplaced.net\/wp-content\/uploads\/Renovierungs-und-Modernisierungsmassnahmen.pdf\" target=\"_blank\" rel=\"noreferrer noopener\">\u00dcbersicht aller\u00a0Renovierungs- und Modernisierungsmassnahmen<\/a><\/figcaption><\/figure>\n\n\n\n<p><\/p>\n\n\n\n<h3 class=\"wp-block-heading has-text-align-center\">Energieausweis<\/h3>\n\n\n\n<p>Am 27. Juni 2007 hat die Bundesregierung die neue Energieeinsparverordnung (EnEV) verabschiedet und dabei den vom Bundesrat vorgeschlagenen \u00c4nderungen zur Novelle der Energieeinsparverordnung zugestimmt. Dadurch verpflichtet der Gesetzgeber Geb\u00e4udeeigent\u00fcmer mit gestaffelten Fristen zur Erstellung von <a href=\"https:\/\/de.wikipedia.org\/wiki\/Energieausweis\">Geb\u00e4udeenergieausweisen<\/a>. Ausgenommen hiervon sind lediglich unter Denkmalschutz stehende Geb\u00e4ude.<\/p>\n\n\n\n<p><span style=\"font-family: arial, helvetica, sans-serif;\">Den Energieausweis f\u00fcr die Dessauerstrasse 9 findet Sie&nbsp;<a href=\"http:\/\/www.hausverwalter.bplaced.net\/wp-content\/uploads\/Energieausweis-2018.pdf\">hier<\/a>.<\/span><\/p>\n","protected":false},"excerpt":{"rendered":"<p>Ich freue mich, dass Sie mich auf meiner Homepage besuchen und lade Sie herzlich zu einem kleinen Rundgang ein, um sich \u00fcber mich zu informieren.&nbsp;Ich bin ein Mehrfamilienwohnhaus in Hannover-Vahrenwald, Dessauerstrasse 9 und wurde 1955 erbaut. Um mich topfit und f\u00fcr meine Mieter gut in Schuss zu halten, wurden im Laufe der Jahre zus\u00e4tzlich zu [&hellip;]<\/p>\n","protected":false},"author":1,"featured_media":0,"parent":0,"menu_order":0,"comment_status":"closed","ping_status":"closed","template":"","meta":{"footnotes":""},"class_list":["post-2","page","type-page","status-publish","hentry"],"_links":{"self":[{"href":"http:\/\/www.hausverwalter.bplaced.net\/index.php?rest_route=\/wp\/v2\/pages\/2","targetHints":{"allow":["GET"]}}],"collection":[{"href":"http:\/\/www.hausverwalter.bplaced.net\/index.php?rest_route=\/wp\/v2\/pages"}],"about":[{"href":"http:\/\/www.hausverwalter.bplaced.net\/index.php?rest_route=\/wp\/v2\/types\/page"}],"author":[{"embeddable":true,"href":"http:\/\/www.hausverwalter.bplaced.net\/index.php?rest_route=\/wp\/v2\/users\/1"}],"replies":[{"embeddable":true,"href":"http:\/\/www.hausverwalter.bplaced.net\/index.php?rest_route=%2Fwp%2Fv2%2Fcomments&post=2"}],"version-history":[{"count":104,"href":"http:\/\/www.hausverwalter.bplaced.net\/index.php?rest_route=\/wp\/v2\/pages\/2\/revisions"}],"predecessor-version":[{"id":973,"href":"http:\/\/www.hausverwalter.bplaced.net\/index.php?rest_route=\/wp\/v2\/pages\/2\/revisions\/973"}],"wp:attachment":[{"href":"http:\/\/www.hausverwalter.bplaced.net\/index.php?rest_route=%2Fwp%2Fv2%2Fmedia&parent=2"}],"curies":[{"name":"wp","href":"https:\/\/api.w.org\/{rel}","templated":true}]}}