{"id":259,"date":"2018-04-17T09:20:31","date_gmt":"2018-04-17T07:20:31","guid":{"rendered":"http:\/\/www.hausverwalter.bplaced.net\/?page_id=259"},"modified":"2026-01-14T15:55:42","modified_gmt":"2026-01-14T14:55:42","slug":"mietspiegel","status":"publish","type":"page","link":"http:\/\/www.hausverwalter.bplaced.net\/?page_id=259","title":{"rendered":"Mietspiegel"},"content":{"rendered":"\n<p><span style=\"font-family: arial, helvetica, sans-serif;\">Der Mietspiegel ist eine \u00dcbersicht \u00fcber die orts\u00fcbliche Vergleichsmiete im frei finanzierten Wohnungsbau. Aufgestellt wird der Mietspiegel von den einzelnen St\u00e4dten in Zusammenarbeit mit verschiedenen Interessengruppen (z.B. Immobilienmakler, Mieter- und Vermieterverb\u00e4nde). 2010 wurden erstmals qualifizierte Mietspiegel f\u00fcr alle 21&nbsp;Kommunen der Region Hannover erstellt. Sie sollen als Orientierungshilfe zur Bestimmung der Mieth\u00f6he bei Mietpreisverhandlungen dienen und&nbsp;helfen abzusch\u00e4tzen, ob eine Mieterh\u00f6hungsforderung berechtigt oder&nbsp;unberechtigt ist. Mietparteien erhalten so die M\u00f6glichkeit, sich auf&nbsp;einen fairen Ausgleich zu einigen, ohne selber Vergleichsobjekte&nbsp;ermitteln oder kostenpflichtige Gutachten erstellen zu lassen.<\/span><\/p>\n\n\n\n<p>Der vorliegende qualifizierte <a href=\"https:\/\/www.hannover.de\/Leben-in-der-Region-Hannover\/Verwaltungen-Kommunen\/Die-Verwaltung-der-Landeshauptstadt-Hannover\/Dezernate-und-Fachbereiche-der-LHH\/Stadtentwicklung-und-Bauen\/Fachbereich-Planen-und-Stadtentwicklung\/Sachgebiet-Stadtentwicklung\/Mietspiegel-f%C3%BCr-Hannover\" target=\"_blank\" rel=\"noreferrer noopener\">Mietspiegel 2025<\/a> sch\u00fctzt Mieter vor \u00fcbertriebenen Mieterh\u00f6hungen und unterst\u00fctzt Vermieter beim Festlegen der Preise und ist damit eine wichtige Grundlage f\u00fcr ein faires Miteinander.<\/p>\n\n\n\n<p><\/p>\n","protected":false},"excerpt":{"rendered":"<p>Der Mietspiegel ist eine \u00dcbersicht \u00fcber die orts\u00fcbliche Vergleichsmiete im frei finanzierten Wohnungsbau. Aufgestellt wird der Mietspiegel von den einzelnen St\u00e4dten in Zusammenarbeit mit verschiedenen Interessengruppen (z.B. Immobilienmakler, Mieter- und Vermieterverb\u00e4nde). 2010 wurden erstmals qualifizierte Mietspiegel f\u00fcr alle 21&nbsp;Kommunen der Region Hannover erstellt. Sie sollen als Orientierungshilfe zur Bestimmung der Mieth\u00f6he bei Mietpreisverhandlungen dienen und&nbsp;helfen [&hellip;]<\/p>\n","protected":false},"author":1,"featured_media":0,"parent":0,"menu_order":0,"comment_status":"closed","ping_status":"closed","template":"","meta":{"footnotes":""},"class_list":["post-259","page","type-page","status-publish","hentry"],"_links":{"self":[{"href":"http:\/\/www.hausverwalter.bplaced.net\/index.php?rest_route=\/wp\/v2\/pages\/259","targetHints":{"allow":["GET"]}}],"collection":[{"href":"http:\/\/www.hausverwalter.bplaced.net\/index.php?rest_route=\/wp\/v2\/pages"}],"about":[{"href":"http:\/\/www.hausverwalter.bplaced.net\/index.php?rest_route=\/wp\/v2\/types\/page"}],"author":[{"embeddable":true,"href":"http:\/\/www.hausverwalter.bplaced.net\/index.php?rest_route=\/wp\/v2\/users\/1"}],"replies":[{"embeddable":true,"href":"http:\/\/www.hausverwalter.bplaced.net\/index.php?rest_route=%2Fwp%2Fv2%2Fcomments&post=259"}],"version-history":[{"count":13,"href":"http:\/\/www.hausverwalter.bplaced.net\/index.php?rest_route=\/wp\/v2\/pages\/259\/revisions"}],"predecessor-version":[{"id":985,"href":"http:\/\/www.hausverwalter.bplaced.net\/index.php?rest_route=\/wp\/v2\/pages\/259\/revisions\/985"}],"wp:attachment":[{"href":"http:\/\/www.hausverwalter.bplaced.net\/index.php?rest_route=%2Fwp%2Fv2%2Fmedia&parent=259"}],"curies":[{"name":"wp","href":"https:\/\/api.w.org\/{rel}","templated":true}]}}